{"id":3294,"date":"2022-10-14T11:42:03","date_gmt":"2022-10-14T09:42:03","guid":{"rendered":"https:\/\/pcsa.pl\/?page_id=3294"},"modified":"2024-01-31T10:48:07","modified_gmt":"2024-01-31T09:48:07","slug":"rodo","status":"publish","type":"page","link":"https:\/\/pcsa.com.pl\/pl\/rodo\/","title":{"rendered":"RODO"},"content":{"rendered":"<p>[vc_row][vc_column][vc_column_text]<\/p>\n<h1 class=\"has-medium-font-size wp-block-heading\">Administratorem przetwarzanych danych osobowych jest Procyon Construction Sp\u00f3\u0142ka Akcyjna (dalej jako \u201eProcyon Construction lub &#8222;Administrator Danych Osobowych\u201d) z siedzib\u0105 przy ul. Metalowa 13, 73-102 Stargard, KRS 0000537067<\/h1>\n\n<p>Dane osobowe przetwarzane s\u0105 przez przedsi\u0119biorstwo Procyon Construction w celu realizacji uprawnie\u0144 i obowi\u0105zk\u00f3w zwi\u0105zanych z prowadzeniem dzia\u0142alno\u015bci gospodarczej, w szczeg\u00f3lno\u015bci w zakresie produkcji \u0142azienek prefabrykowanych\/realizacji konstrukcji betonowych. Dane osobowe s\u0105 przetwarzane przede wszystkim wtedy, kiedy jest to niezb\u0119dne do zawarcia i realizacji umowy, kt\u00f3rej stron\u0105 jest osoba, kt\u00f3rej dane te dotycz\u0105, lub do podj\u0119cia dzia\u0142a\u0144 na \u017c\u0105danie osoby, kt\u00f3rej dane dotycz\u0105 jeszcze przed zawarciem umowy (art. 6 ust 1 lit b\u00a0 RODO).<\/p>\n\n<p>W niekt\u00f3rych sytuacjach, przetwarzanie danych wynika z usprawiedliwionych potrzeb przedsi\u0119biorstwa Procyon Construction, takich jak realizacja umowy, zapewnienie obs\u0142ugi p\u0142atniczej, windykacja nale\u017cno\u015bci, archiwizacja danych w celu zapewnienia rozliczalno\u015bci i spe\u0142nienia obowi\u0105zk\u00f3w prawnych, podtrzymanie relacji z klientem, kontrola jako\u015bci oferowanych us\u0142ug (art. 6 ust 1 lit f RODO). Przetwarzanie danych mo\u017ce by\u0107 tak\u017ce konieczne ze wzgl\u0119du na obowi\u0105zek wype\u0142nienia obowi\u0105zk\u00f3w prawnych, w tym obowi\u0105zku dotycz\u0105cego udokumentowania wykonania us\u0142ugi poprzez wystawienie faktury VAT lub rozliczenia zakupionej us\u0142ugi (art. 6 ust 1 lit c RODO).<\/p>\n\n<p>Przedsi\u0119biorstwo Procyon Construction przetwarza pozyskiwane dane osobowe tylko w niezb\u0119dnym zakresie.<\/p>\n\n<p>Dane osobowe nie s\u0105 przetwarzane w spos\u00f3b zautomatyzowany, w tym r\u00f3wnie\u017c poprzez ich profilowanie.<\/p>\n\n<p>Dane osobowe pozyskane w zwi\u0105zku z prowadzon\u0105 dzia\u0142alno\u015bci\u0105 gospodarcz\u0105 przetwarzane s\u0105 przez okres przedawnienia roszcze\u0144 podatkowych lub roszcze\u0144 cywilnoprawnych przedsi\u0119biorstwa Procyon Construction lub klienta\/kontrahenta, w zale\u017cno\u015bci kt\u00f3re z tych zdarze\u0144 nast\u0105pi p\u00f3\u017aniej.<\/p>\n\n<p>Dane osobowe pozyskane na podstawie zgody b\u0119d\u0105 przetwarzane a\u017c do odwo\u0142ania zgody.<\/p>\n\n<p>W uzasadnionych okoliczno\u015bciach dane osobowe klient\u00f3w, kontrahent\u00f3w i innych podmiot\u00f3w z kt\u00f3rymi Sp\u00f3\u0142ka nawi\u0105za\u0142a kontakt\/relacje gospodarcze, przekazywane s\u0105 zaufanym partnerom (podmiotom przetwarzaj\u0105cym), w szczeg\u00f3lno\u015bci podmiotom \u015bwiadcz\u0105cym us\u0142ugi ksi\u0119gowe, prawne lub informatyczne. Dane przekazywane s\u0105 tym podmiotom na podstawie odr\u0119bnych um\u00f3w o powierzeniu przetwarzania danych. Dane nie s\u0105 przekazywane do pa\u0144stwa trzeciego lub organizacji mi\u0119dzynarodowych.<\/p>\n\n<p>W oparciu o obowi\u0105zuj\u0105ce przepisy RODO (z uwzgl\u0119dnieniem ogranicze\u0144 tam wskazanych), osobom kt\u00f3rych dane s\u0105 przetwarzane, przys\u0142uguj\u0105 nast\u0119puj\u0105ce prawa zwi\u0105zane z przetwarzaniem danych osobowych:<\/p>\n\n<p>a.\u00a0\u00a0\u00a0\u00a0\u00a0\u00a0\u00a0\u00a0\u00a0 prawo wycofania zgody na przetwarzanie danych, co pozostanie jednak bez wp\u0142ywu na zgodno\u015b\u0107 z prawem przetwarzania, kt\u00f3rego dokonano na podstawie zgody przed jej cofni\u0119ciem;<\/p>\n\n<p>b.\u00a0\u00a0\u00a0\u00a0\u00a0\u00a0\u00a0\u00a0 prawo dost\u0119pu do danych osobowych,<\/p>\n\n<p>c.\u00a0\u00a0\u00a0\u00a0\u00a0\u00a0\u00a0\u00a0\u00a0 prawo \u017c\u0105dania sprostowania danych osobowych,<\/p>\n\n<p>d.\u00a0\u00a0\u00a0\u00a0\u00a0\u00a0\u00a0\u00a0 prawo \u017c\u0105dania usuni\u0119cia danych osobowych,<\/p>\n\n<p>e.\u00a0\u00a0\u00a0\u00a0\u00a0\u00a0\u00a0\u00a0\u00a0 prawo \u017c\u0105dania ograniczenia przetwarzania danych osobowych,<\/p>\n\n<p>f.\u00a0\u00a0\u00a0\u00a0\u00a0\u00a0\u00a0\u00a0\u00a0 prawo wyra\u017cenia sprzeciwu wobec przetwarzania danych ze wzgl\u0119du na szczeg\u00f3ln\u0105 sytuacj\u0119,\u00a0<\/p>\n\n<p>g.\u00a0\u00a0\u00a0\u00a0\u00a0\u00a0\u00a0\u00a0\u00a0 prawo do przenoszenia danych osobowych, tj. prawo otrzymania swoich danych osobowych, w ustrukturyzowanym, powszechnie u\u017cywanym formacie informatycznym nadaj\u0105cym si\u0119 do odczytu maszynowego.<\/p>\n\n<p>Aby skorzysta\u0107 z powy\u017cszych praw, nale\u017cy skontaktowa\u0107 si\u0119 z Administratorem Danych Osobowych pisemnie lub w siedzibie przedsi\u0119biorstwa Procyon Construction \u00a0\u2013 ul. Metalowa 13, 73-102 Stargard, b\u0105d\u017a te\u017c \u00a0skorzysta\u0107 z nast\u0119puj\u0105cych form kontaktu:\u00a0tel. 507158802,\u00a0adres email: zarz\u0105d@pcsa.com.pl.<\/p>\n\n<p>Ka\u017cda osoba, kt\u00f3rej dane s\u0105 przetwarzane ma tak\u017ce prawo wniesienia skargi do organu nadzorczego zajmuj\u0105cego si\u0119 ochron\u0105 danych osobowych, tj. Prezesa Urz\u0119du Ochrony Danych Osobowych adres: ul. Stawki 2\u00a000-193 Warszawa.<\/p>\n\n<p>&nbsp;<\/p>\n<p>[\/vc_column_text][\/vc_column][\/vc_row]<\/p>\n","protected":false},"excerpt":{"rendered":"<p>[vc_row][vc_column][vc_column_text] Administratorem przetwarzanych danych osobowych jest Procyon Construction Sp\u00f3\u0142ka Akcyjna (dalej jako \u201eProcyon Construction lub &#8222;Administrator Danych Osobowych\u201d) z siedzib\u0105 przy ul. Metalowa 13, 73-102 Stargard, KRS 0000537067 Dane osobowe przetwarzane s\u0105 przez przedsi\u0119biorstwo Procyon Construction w celu realizacji uprawnie\u0144 i obowi\u0105zk\u00f3w zwi\u0105zanych z prowadzeniem dzia\u0142alno\u015bci gospodarczej, w szczeg\u00f3lno\u015bci w zakresie produkcji \u0142azienek prefabrykowanych\/realizacji konstrukcji [&hellip;]<\/p>\n","protected":false},"author":5,"featured_media":0,"parent":0,"menu_order":0,"comment_status":"closed","ping_status":"closed","template":"","meta":{"footnotes":""},"class_list":["post-3294","page","type-page","status-publish","hentry"],"yoast_head":"<!-- This site is optimized with the Yoast SEO plugin v27.4 - https:\/\/yoast.com\/product\/yoast-seo-wordpress\/ -->\n<title>RODO - PROCYON CONSTRUCTION<\/title>\n<meta name=\"robots\" content=\"index, follow, max-snippet:-1, max-image-preview:large, max-video-preview:-1\" \/>\n<link rel=\"canonical\" href=\"https:\/\/pcsa.com.pl\/pl\/rodo\/\" \/>\n<meta property=\"og:locale\" content=\"pl_PL\" \/>\n<meta property=\"og:type\" content=\"article\" \/>\n<meta property=\"og:title\" content=\"RODO - PROCYON CONSTRUCTION\" \/>\n<meta property=\"og:description\" content=\"[vc_row][vc_column][vc_column_text] Administratorem przetwarzanych danych osobowych jest Procyon Construction Sp\u00f3\u0142ka Akcyjna (dalej jako \u201eProcyon Construction lub &#8222;Administrator Danych Osobowych\u201d) z siedzib\u0105 przy ul. Metalowa 13, 73-102 Stargard, KRS 0000537067 Dane osobowe przetwarzane s\u0105 przez przedsi\u0119biorstwo Procyon Construction w celu realizacji uprawnie\u0144 i obowi\u0105zk\u00f3w zwi\u0105zanych z prowadzeniem dzia\u0142alno\u015bci gospodarczej, w szczeg\u00f3lno\u015bci w zakresie produkcji \u0142azienek prefabrykowanych\/realizacji konstrukcji [&hellip;]\" \/>\n<meta property=\"og:url\" content=\"https:\/\/pcsa.com.pl\/pl\/rodo\/\" \/>\n<meta property=\"og:site_name\" content=\"PROCYON CONSTRUCTION\" \/>\n<meta property=\"article:modified_time\" content=\"2024-01-31T09:48:07+00:00\" \/>\n<meta name=\"twitter:card\" content=\"summary_large_image\" \/>\n<meta name=\"twitter:label1\" content=\"Szacowany czas czytania\" \/>\n\t<meta name=\"twitter:data1\" content=\"3 minuty\" \/>\n<script type=\"application\/ld+json\" class=\"yoast-schema-graph\">{\"@context\":\"https:\\\/\\\/schema.org\",\"@graph\":[{\"@type\":\"WebPage\",\"@id\":\"https:\\\/\\\/pcsa.com.pl\\\/pl\\\/rodo\\\/\",\"url\":\"https:\\\/\\\/pcsa.com.pl\\\/pl\\\/rodo\\\/\",\"name\":\"RODO - PROCYON CONSTRUCTION\",\"isPartOf\":{\"@id\":\"https:\\\/\\\/pcsa.com.pl\\\/pl\\\/#website\"},\"datePublished\":\"2022-10-14T09:42:03+00:00\",\"dateModified\":\"2024-01-31T09:48:07+00:00\",\"breadcrumb\":{\"@id\":\"https:\\\/\\\/pcsa.com.pl\\\/pl\\\/rodo\\\/#breadcrumb\"},\"inLanguage\":\"pl-PL\",\"potentialAction\":[{\"@type\":\"ReadAction\",\"target\":[\"https:\\\/\\\/pcsa.com.pl\\\/pl\\\/rodo\\\/\"]}]},{\"@type\":\"BreadcrumbList\",\"@id\":\"https:\\\/\\\/pcsa.com.pl\\\/pl\\\/rodo\\\/#breadcrumb\",\"itemListElement\":[{\"@type\":\"ListItem\",\"position\":1,\"name\":\"Strona g\u0142\u00f3wna\",\"item\":\"https:\\\/\\\/pcsa.com.pl\\\/pl\\\/\"},{\"@type\":\"ListItem\",\"position\":2,\"name\":\"RODO\"}]},{\"@type\":\"WebSite\",\"@id\":\"https:\\\/\\\/pcsa.com.pl\\\/pl\\\/#website\",\"url\":\"https:\\\/\\\/pcsa.com.pl\\\/pl\\\/\",\"name\":\"PROCYON CONSTRUCTION\",\"description\":\" obs\u0142uga z\u0142o\u017conych projekt\u00f3w budowlanych\",\"publisher\":{\"@id\":\"https:\\\/\\\/pcsa.com.pl\\\/pl\\\/#organization\"},\"potentialAction\":[{\"@type\":\"SearchAction\",\"target\":{\"@type\":\"EntryPoint\",\"urlTemplate\":\"https:\\\/\\\/pcsa.com.pl\\\/pl\\\/?s={search_term_string}\"},\"query-input\":{\"@type\":\"PropertyValueSpecification\",\"valueRequired\":true,\"valueName\":\"search_term_string\"}}],\"inLanguage\":\"pl-PL\"},{\"@type\":\"Organization\",\"@id\":\"https:\\\/\\\/pcsa.com.pl\\\/pl\\\/#organization\",\"name\":\"PROCYON CONSTRUCTION SA\",\"url\":\"https:\\\/\\\/pcsa.com.pl\\\/pl\\\/\",\"logo\":{\"@type\":\"ImageObject\",\"inLanguage\":\"pl-PL\",\"@id\":\"https:\\\/\\\/pcsa.com.pl\\\/pl\\\/#\\\/schema\\\/logo\\\/image\\\/\",\"url\":\"https:\\\/\\\/pcsa.com.pl\\\/wp-content\\\/uploads\\\/2019\\\/05\\\/logo_pcsa.png\",\"contentUrl\":\"https:\\\/\\\/pcsa.com.pl\\\/wp-content\\\/uploads\\\/2019\\\/05\\\/logo_pcsa.png\",\"width\":211,\"height\":43,\"caption\":\"PROCYON CONSTRUCTION SA\"},\"image\":{\"@id\":\"https:\\\/\\\/pcsa.com.pl\\\/pl\\\/#\\\/schema\\\/logo\\\/image\\\/\"},\"sameAs\":[\"https:\\\/\\\/www.linkedin.com\\\/company\\\/procyongroup\\\/\"]}]}<\/script>\n<!-- \/ Yoast SEO plugin. -->","yoast_head_json":{"title":"RODO - PROCYON CONSTRUCTION","robots":{"index":"index","follow":"follow","max-snippet":"max-snippet:-1","max-image-preview":"max-image-preview:large","max-video-preview":"max-video-preview:-1"},"canonical":"https:\/\/pcsa.com.pl\/pl\/rodo\/","og_locale":"pl_PL","og_type":"article","og_title":"RODO - PROCYON CONSTRUCTION","og_description":"[vc_row][vc_column][vc_column_text] Administratorem przetwarzanych danych osobowych jest Procyon Construction Sp\u00f3\u0142ka Akcyjna (dalej jako \u201eProcyon Construction lub &#8222;Administrator Danych Osobowych\u201d) z siedzib\u0105 przy ul. Metalowa 13, 73-102 Stargard, KRS 0000537067 Dane osobowe przetwarzane s\u0105 przez przedsi\u0119biorstwo Procyon Construction w celu realizacji uprawnie\u0144 i obowi\u0105zk\u00f3w zwi\u0105zanych z prowadzeniem dzia\u0142alno\u015bci gospodarczej, w szczeg\u00f3lno\u015bci w zakresie produkcji \u0142azienek prefabrykowanych\/realizacji konstrukcji [&hellip;]","og_url":"https:\/\/pcsa.com.pl\/pl\/rodo\/","og_site_name":"PROCYON CONSTRUCTION","article_modified_time":"2024-01-31T09:48:07+00:00","twitter_card":"summary_large_image","twitter_misc":{"Szacowany czas czytania":"3 minuty"},"schema":{"@context":"https:\/\/schema.org","@graph":[{"@type":"WebPage","@id":"https:\/\/pcsa.com.pl\/pl\/rodo\/","url":"https:\/\/pcsa.com.pl\/pl\/rodo\/","name":"RODO - PROCYON CONSTRUCTION","isPartOf":{"@id":"https:\/\/pcsa.com.pl\/pl\/#website"},"datePublished":"2022-10-14T09:42:03+00:00","dateModified":"2024-01-31T09:48:07+00:00","breadcrumb":{"@id":"https:\/\/pcsa.com.pl\/pl\/rodo\/#breadcrumb"},"inLanguage":"pl-PL","potentialAction":[{"@type":"ReadAction","target":["https:\/\/pcsa.com.pl\/pl\/rodo\/"]}]},{"@type":"BreadcrumbList","@id":"https:\/\/pcsa.com.pl\/pl\/rodo\/#breadcrumb","itemListElement":[{"@type":"ListItem","position":1,"name":"Strona g\u0142\u00f3wna","item":"https:\/\/pcsa.com.pl\/pl\/"},{"@type":"ListItem","position":2,"name":"RODO"}]},{"@type":"WebSite","@id":"https:\/\/pcsa.com.pl\/pl\/#website","url":"https:\/\/pcsa.com.pl\/pl\/","name":"PROCYON CONSTRUCTION","description":" obs\u0142uga z\u0142o\u017conych projekt\u00f3w budowlanych","publisher":{"@id":"https:\/\/pcsa.com.pl\/pl\/#organization"},"potentialAction":[{"@type":"SearchAction","target":{"@type":"EntryPoint","urlTemplate":"https:\/\/pcsa.com.pl\/pl\/?s={search_term_string}"},"query-input":{"@type":"PropertyValueSpecification","valueRequired":true,"valueName":"search_term_string"}}],"inLanguage":"pl-PL"},{"@type":"Organization","@id":"https:\/\/pcsa.com.pl\/pl\/#organization","name":"PROCYON CONSTRUCTION SA","url":"https:\/\/pcsa.com.pl\/pl\/","logo":{"@type":"ImageObject","inLanguage":"pl-PL","@id":"https:\/\/pcsa.com.pl\/pl\/#\/schema\/logo\/image\/","url":"https:\/\/pcsa.com.pl\/wp-content\/uploads\/2019\/05\/logo_pcsa.png","contentUrl":"https:\/\/pcsa.com.pl\/wp-content\/uploads\/2019\/05\/logo_pcsa.png","width":211,"height":43,"caption":"PROCYON CONSTRUCTION SA"},"image":{"@id":"https:\/\/pcsa.com.pl\/pl\/#\/schema\/logo\/image\/"},"sameAs":["https:\/\/www.linkedin.com\/company\/procyongroup\/"]}]}},"_links":{"self":[{"href":"https:\/\/pcsa.com.pl\/pl\/wp-json\/wp\/v2\/pages\/3294","targetHints":{"allow":["GET"]}}],"collection":[{"href":"https:\/\/pcsa.com.pl\/pl\/wp-json\/wp\/v2\/pages"}],"about":[{"href":"https:\/\/pcsa.com.pl\/pl\/wp-json\/wp\/v2\/types\/page"}],"author":[{"embeddable":true,"href":"https:\/\/pcsa.com.pl\/pl\/wp-json\/wp\/v2\/users\/5"}],"replies":[{"embeddable":true,"href":"https:\/\/pcsa.com.pl\/pl\/wp-json\/wp\/v2\/comments?post=3294"}],"version-history":[{"count":3,"href":"https:\/\/pcsa.com.pl\/pl\/wp-json\/wp\/v2\/pages\/3294\/revisions"}],"predecessor-version":[{"id":3412,"href":"https:\/\/pcsa.com.pl\/pl\/wp-json\/wp\/v2\/pages\/3294\/revisions\/3412"}],"wp:attachment":[{"href":"https:\/\/pcsa.com.pl\/pl\/wp-json\/wp\/v2\/media?parent=3294"}],"curies":[{"name":"wp","href":"https:\/\/api.w.org\/{rel}","templated":true}]}}